{"id":183,"date":"2023-03-26T09:34:39","date_gmt":"2023-03-26T09:34:39","guid":{"rendered":"https:\/\/gracethemesdemo.com\/demo\/strategist\/?page_id=8"},"modified":"2026-04-22T10:20:05","modified_gmt":"2026-04-22T10:20:05","slug":"home","status":"publish","type":"page","link":"https:\/\/stavar.pl\/","title":{"rendered":"Home"},"content":{"rendered":"\t\t<div data-elementor-type=\"wp-page\" data-elementor-id=\"183\" class=\"elementor elementor-183\">\n\t\t\t\t\t\t<section class=\"elementor-section elementor-top-section elementor-element elementor-element-10e0ab86 our_culture_section elementor-section-boxed elementor-section-height-default elementor-section-height-default\" data-id=\"10e0ab86\" data-element_type=\"section\" data-e-type=\"section\" data-settings=\"{&quot;background_background&quot;:&quot;classic&quot;}\">\n\t\t\t\t\t\t<div class=\"elementor-container elementor-column-gap-default\">\n\t\t\t\t\t<div class=\"elementor-column elementor-col-33 elementor-top-column elementor-element elementor-element-7670b33c our_culture_section_left\" data-id=\"7670b33c\" data-element_type=\"column\" data-e-type=\"column\">\n\t\t\t<div class=\"elementor-widget-wrap elementor-element-populated\">\n\t\t\t\t\t\t\t\t\t\n\t\t<img class=\"e-image-base \" \n\t\t\t\t\tdata-interaction-id=\"be95d9d\" \n\t\t \n\t\t \n\t\t\t\t\t\t\t\t\tid=\"317\"\n\t\t\t\t\t\t\t\t\t\t\t\tsrc=\"https:\/\/stavar.pl\/wp-content\/uploads\/2026\/04\/stavar-info.webp\"\n\t\t\t\t\t\t\t\t\t\t\t\twidth=\"1254\"\n\t\t\t\t\t\t\t\t\t\t\t\theight=\"1254\"\n\t\t\t\t\t\t\t\t\t\t\t\tsrcset=\"https:\/\/stavar.pl\/wp-content\/uploads\/2026\/04\/stavar-info.webp 1254w, https:\/\/stavar.pl\/wp-content\/uploads\/2026\/04\/stavar-info-300x300.webp 300w, https:\/\/stavar.pl\/wp-content\/uploads\/2026\/04\/stavar-info-1024x1024.webp 1024w, https:\/\/stavar.pl\/wp-content\/uploads\/2026\/04\/stavar-info-150x150.webp 150w, https:\/\/stavar.pl\/wp-content\/uploads\/2026\/04\/stavar-info-768x768.webp 768w\"\n\t\t\t\t\t\t\t\t\t\t\t\talt=\"\"\n\t\t\t\t\t\t\/>\n\t\t\t\t\t<div class=\"elementor-element elementor-element-0da4d4a elementor-widget elementor-widget-spacer\" data-id=\"0da4d4a\" data-element_type=\"widget\" data-e-type=\"widget\" data-widget_type=\"spacer.default\">\n\t\t\t\t\t\t\t<div class=\"elementor-spacer\">\n\t\t\t<div class=\"elementor-spacer-inner\"><\/div>\n\t\t<\/div>\n\t\t\t\t\t\t<\/div>\n\t\t\t\t<div class=\"elementor-element elementor-element-047c207 culture_content elementor-widget elementor-widget-text-editor\" data-id=\"047c207\" data-element_type=\"widget\" data-e-type=\"widget\" data-widget_type=\"text-editor.default\">\n\t\t\t\t\t\t\t\t\t<p>Pobierz plik pdf<\/p>\t\t\t\t\t\t\t\t<\/div>\n\t\t\t\t\t<\/div>\n\t\t<\/div>\n\t\t\t\t<div class=\"elementor-column elementor-col-33 elementor-top-column elementor-element elementor-element-3bad92d2\" data-id=\"3bad92d2\" data-element_type=\"column\" data-e-type=\"column\">\n\t\t\t<div class=\"elementor-widget-wrap\">\n\t\t\t\t\t\t\t<\/div>\n\t\t<\/div>\n\t\t\t\t<div class=\"elementor-column elementor-col-33 elementor-top-column elementor-element elementor-element-3e474f37 our_culture_section_right elementor-invisible\" data-id=\"3e474f37\" data-element_type=\"column\" data-e-type=\"column\" data-settings=\"{&quot;animation&quot;:&quot;fadeInRight&quot;}\">\n\t\t\t<div class=\"elementor-widget-wrap elementor-element-populated\">\n\t\t\t\t\t\t<div class=\"elementor-element elementor-element-50b43cc2 elementor-widget elementor-widget-heading\" data-id=\"50b43cc2\" data-element_type=\"widget\" data-e-type=\"widget\" data-widget_type=\"heading.default\">\n\t\t\t\t\t<h2 class=\"elementor-heading-title elementor-size-default\">Kompensacja mocy biernej<\/h2>\t\t\t\t<\/div>\n\t\t\t\t<div class=\"elementor-element elementor-element-5df5a45d culture_content elementor-widget elementor-widget-text-editor\" data-id=\"5df5a45d\" data-element_type=\"widget\" data-e-type=\"widget\" data-widget_type=\"text-editor.default\">\n\t\t\t\t\t\t\t\t\t<p data-start=\"0\" data-end=\"399\">Kompensacja mocy biernej to proces ograniczania energii, kt\u00f3ra nie wykonuje pracy u\u017cytecznej, ale obci\u0105\u017ca instalacj\u0119 elektryczn\u0105. W praktyce oznacza to popraw\u0119 wsp\u00f3\u0142czynnika mocy (cos \u03c6) poprzez zastosowanie odpowiednich urz\u0105dze\u0144 \u2013 najcz\u0119\u015bciej baterii kondensator\u00f3w lub system\u00f3w aktywnych. Dzi\u0119ki temu instalacja pracuje bardziej efektywnie, a energia dostarczana z sieci jest lepiej wykorzystywana.<\/p><p data-start=\"401\" data-end=\"791\">\u00a0<\/p><p data-start=\"401\" data-end=\"791\">Najbardziej odczuwaln\u0105 korzy\u015bci\u0105 dla firm s\u0105 realne oszcz\u0119dno\u015bci. Operatorzy energetyczni naliczaj\u0105 op\u0142aty za nadmierny pob\u00f3r mocy biernej, dlatego jej kompensacja pozwala znacz\u0105co obni\u017cy\u0107 rachunki za energi\u0119. Dodatkowo zmniejszaj\u0105 si\u0119 straty przesy\u0142owe w instalacji, a urz\u0105dzenia pracuj\u0105 w bardziej optymalnych warunkach, co przek\u0142ada si\u0119 na ich d\u0142u\u017csz\u0105 \u017cywotno\u015b\u0107 i mniejsze ryzyko awarii.<\/p><p data-start=\"793\" data-end=\"1184\" data-is-last-node=\"\" data-is-only-node=\"\">\u00a0<\/p><p data-start=\"793\" data-end=\"1184\" data-is-last-node=\"\" data-is-only-node=\"\">Kompensacja mocy biernej to tak\u017ce wi\u0119ksza stabilno\u015b\u0107 i przewidywalno\u015b\u0107 dzia\u0142ania ca\u0142ego systemu energetycznego w firmie. Poprawa jako\u015bci zasilania ogranicza wahania napi\u0119cia i zak\u0142\u00f3cenia, co ma kluczowe znaczenie dla nowoczesnych linii produkcyjnych i system\u00f3w IT. To inwestycja, kt\u00f3ra nie tylko si\u0119 zwraca, ale r\u00f3wnie\u017c buduje przewag\u0119 operacyjn\u0105 i bezpiecze\u0144stwo dzia\u0142ania przedsi\u0119biorstwa.<\/p>\t\t\t\t\t\t\t\t<\/div>\n\t\t\t\t\t<\/div>\n\t\t<\/div>\n\t\t\t\t\t<\/div>\n\t\t<\/section>\n\t\t\t\t<\/div>\n\t\t","protected":false},"excerpt":{"rendered":"<p>Pobierz plik pdf Kompensacja mocy biernej Kompensacja mocy biernej to proces ograniczania energii, kt\u00f3ra nie wykonuje pracy u\u017cytecznej, ale obci\u0105\u017ca instalacj\u0119 elektryczn\u0105. W praktyce oznacza to popraw\u0119 wsp\u00f3\u0142czynnika mocy (cos \u03c6) poprzez zastosowanie odpowiednich urz\u0105dze\u0144 \u2013 najcz\u0119\u015bciej baterii kondensator\u00f3w lub system\u00f3w aktywnych. Dzi\u0119ki temu instalacja pracuje bardziej efektywnie, a energia dostarczana z sieci jest lepiej [&hellip;]<\/p>\n","protected":false},"author":1,"featured_media":0,"parent":0,"menu_order":0,"comment_status":"closed","ping_status":"closed","template":"template-parts\/template-homepage-builder.php","meta":{"footnotes":""},"class_list":["post-183","page","type-page","status-publish","hentry"],"_links":{"self":[{"href":"https:\/\/stavar.pl\/index.php?rest_route=\/wp\/v2\/pages\/183","targetHints":{"allow":["GET"]}}],"collection":[{"href":"https:\/\/stavar.pl\/index.php?rest_route=\/wp\/v2\/pages"}],"about":[{"href":"https:\/\/stavar.pl\/index.php?rest_route=\/wp\/v2\/types\/page"}],"author":[{"embeddable":true,"href":"https:\/\/stavar.pl\/index.php?rest_route=\/wp\/v2\/users\/1"}],"replies":[{"embeddable":true,"href":"https:\/\/stavar.pl\/index.php?rest_route=%2Fwp%2Fv2%2Fcomments&post=183"}],"version-history":[{"count":22,"href":"https:\/\/stavar.pl\/index.php?rest_route=\/wp\/v2\/pages\/183\/revisions"}],"predecessor-version":[{"id":362,"href":"https:\/\/stavar.pl\/index.php?rest_route=\/wp\/v2\/pages\/183\/revisions\/362"}],"wp:attachment":[{"href":"https:\/\/stavar.pl\/index.php?rest_route=%2Fwp%2Fv2%2Fmedia&parent=183"}],"curies":[{"name":"wp","href":"https:\/\/api.w.org\/{rel}","templated":true}]}}